{"id":45,"date":"2025-07-19T17:44:10","date_gmt":"2025-07-19T15:44:10","guid":{"rendered":"https:\/\/www.ruiken-horn.net\/?page_id=45"},"modified":"2025-10-03T16:07:50","modified_gmt":"2025-10-03T14:07:50","slug":"druck","status":"publish","type":"page","link":"https:\/\/www.ruiken-horn.eu\/index.php\/druck\/","title":{"rendered":"Druck"},"content":{"rendered":"<p>[et_pb_section fb_built=&#8220;1&#8243; admin_label=&#8220;Hero&#8220; _builder_version=&#8220;4.27.4&#8243; _module_preset=&#8220;default&#8220; custom_padding=&#8220;||||false|false&#8220; hover_enabled=&#8220;0&#8243; locked=&#8220;off&#8220; collapsed=&#8220;on&#8220; global_colors_info=&#8220;{}&#8220; title_text=&#8220;Druck mit Str\u00fctzfilament&#8220; background_image=&#8220;https:\/\/www.ruiken-horn.net\/wp-content\/uploads\/2025\/10\/Druck-mit-Struetzfilament.jpg&#8220; sticky_enabled=&#8220;0&#8243;][et_pb_row _builder_version=&#8220;4.27.4&#8243; _module_preset=&#8220;default&#8220;][et_pb_column _builder_version=&#8220;4.27.4&#8243; _module_preset=&#8220;default&#8220; type=&#8220;4_4&#8243;][et_pb_heading title=&#8220;Entdecken Sie die Welt des 3D Drucks mit Ruiken &#038; Horn&#8220; _builder_version=&#8220;4.27.4&#8243; _module_preset=&#8220;default&#8220; sticky_enabled=&#8220;0&#8243; text_shadow_style=&#8220;preset3&#8243; text_shadow_blur_strength=&#8220;0.18em&#8220; text_shadow_color=&#8220;#FFFFFF&#8220; hover_enabled=&#8220;0&#8243;][\/et_pb_heading][\/et_pb_column][\/et_pb_row][et_pb_row _builder_version=&#8220;4.27.4&#8243; _module_preset=&#8220;default&#8220;][et_pb_column _builder_version=&#8220;4.27.4&#8243; _module_preset=&#8220;default&#8220; type=&#8220;4_4&#8243;][et_pb_text _builder_version=&#8220;4.27.4&#8243; _module_preset=&#8220;default&#8220; sticky_enabled=&#8220;0&#8243; global_colors_info=&#8220;{%22gcid-primary-color%22:%91%22link_text_color%22,%22link_text_color%22%93,%22gcid-heading-color%22:%91%22header_text_color%22,%22header_4_text_color%22,%22header_3_text_color%22,%22header_2_text_color%22,%22header_5_text_color%22,%22header_6_text_color%22,%22quote_text_color%22,%22header_text_color%22,%22header_4_text_color%22,%22header_3_text_color%22,%22header_2_text_color%22,%22header_5_text_color%22,%22header_6_text_color%22,%22quote_text_color%22%93,%22gcid-secondary-color%22:%91%22quote_border_color%22,%22quote_border_color%22%93}&#8220; text_text_shadow_style=&#8220;preset3&#8243; text_text_shadow_blur_strength=&#8220;0.37em&#8220; text_text_shadow_color=&#8220;#FFFFFF&#8220; background_layout=&#8220;dark&#8220; text_text_color=&#8220;#000000&#8243; custom_padding=&#8220;||0px|||&#8220; hover_enabled=&#8220;0&#8243;]<\/p>\n<p>Erleben Sie die Zukunft der Fertigung mit unseren innovativen 3D Druckl\u00f6sungen. Von der Idee bis zum fertigen Produkt, wir begleiten Sie auf jedem Schritt.<\/p>\n<p>[\/et_pb_text][\/et_pb_column][\/et_pb_row][et_pb_row _builder_version=&#8220;4.27.4&#8243; _module_preset=&#8220;default&#8220;][et_pb_column _builder_version=&#8220;4.27.4&#8243; _module_preset=&#8220;default&#8220; type=&#8220;4_4&#8243;][\/et_pb_column][\/et_pb_row][\/et_pb_section][et_pb_section fb_built=&#8220;1&#8243; admin_label=&#8220;Features&#8220; _builder_version=&#8220;4.23.1&#8243; _module_preset=&#8220;default&#8220; locked=&#8220;off&#8220; collapsed=&#8220;on&#8220; global_colors_info=&#8220;{}&#8220;][et_pb_row _builder_version=&#8220;4.27.4&#8243; _module_preset=&#8220;default&#8220; global_colors_info=&#8220;{}&#8220;][et_pb_column type=&#8220;4_4&#8243; _builder_version=&#8220;4.27.4&#8243; _module_preset=&#8220;default&#8220; global_colors_info=&#8220;{}&#8220;][et_pb_text _builder_version=&#8220;4.27.4&#8243; _module_preset=&#8220;default&#8220; global_colors_info=&#8220;{}&#8220;]<\/p>\n<h1>Unsere 3D Drucktechnologien<\/h1>\n<p>Gelten f\u00fcr Ihre gefertigten Bauteile spezielle Verarbeitungsstandards?<br \/>\nM\u00fcssen Sie hinsichtlich staubfreier Verpackungen strenge Vorschriften befolgen?<br \/>\nNun k\u00f6nnen Sie Ihre Teile in einem Reinraum entsprechend ISO Klasse 7 verarbeiten lassen.[\/et_pb_text][\/et_pb_column][\/et_pb_row][et_pb_row column_structure=&#8220;1_3,1_3,1_3&#8243; _builder_version=&#8220;4.18.0&#8243; _module_preset=&#8220;5138c454-be54-4233-bd3b-f8e6a8747976&#8243; global_colors_info=&#8220;{}&#8220;][et_pb_column type=&#8220;1_3&#8243; _builder_version=&#8220;4.16&#8243; _module_preset=&#8220;73121f80-a3ef-4484-8763-c3f18e3c56d2&#8243; global_colors_info=&#8220;{}&#8220;][et_pb_blurb title=&#8220;Fused Filament Fabrication (FFF)&#8220; _builder_version=&#8220;4.27.4&#8243; _module_preset=&#8220;65059203-12d3-44f6-8371-3f5cf61a0475&#8243; header_font=&#8220;&#8211;et_global_heading_font|700|||||||&#8220; locked=&#8220;off&#8220; global_colors_info=&#8220;{}&#8220;]<\/p>\n<p>FFF ist ideal f\u00fcr robuste und kosteng\u00fcnstige Prototypen, die in verschiedenen Materialien verf\u00fcgbar sind.<\/p>\n<p>[\/et_pb_blurb][et_pb_blurb title=&#8220;Stereolithografie (SLA)&#8220; _builder_version=&#8220;4.27.4&#8243; _module_preset=&#8220;65059203-12d3-44f6-8371-3f5cf61a0475&#8243; header_font=&#8220;&#8211;et_global_heading_font|700|||||||&#8220; locked=&#8220;off&#8220; global_colors_info=&#8220;{}&#8220;]<\/p>\n<p>SLA bietet hochpr\u00e4zise Drucke mit glatten Oberfl\u00e4chen, perfekt f\u00fcr detaillierte Modelle und Prototypen.<\/p>\n<p>[\/et_pb_blurb][\/et_pb_column][et_pb_column type=&#8220;1_3&#8243; _builder_version=&#8220;4.16&#8243; _module_preset=&#8220;73121f80-a3ef-4484-8763-c3f18e3c56d2&#8243; global_colors_info=&#8220;{}&#8220;][et_pb_blurb title=&#8220;Metalldruck&#8220; _builder_version=&#8220;4.27.4&#8243; _module_preset=&#8220;65059203-12d3-44f6-8371-3f5cf61a0475&#8243; header_font=&#8220;&#8211;et_global_heading_font|700|||||||&#8220; locked=&#8220;off&#8220; global_colors_info=&#8220;{}&#8220;]Nun sind wir auch in der Lage, f\u00fcr unsere Kunden Metalldruck anzubieten.<br \/>\nDie Materialpalette umfasst verschiedenste Metalle, z.B. Edelstahl oder auch Titan sowie andere Metalle und Legierungen.<br \/>\nDas Metalldruckverfahren erstellt die Druckst\u00fccke aus Metallpuder durch Verschmelzung mittels Laser.[\/et_pb_blurb][et_pb_blurb title=&#8220;Multi Jet Fusion (MJF)&#8220; _builder_version=&#8220;4.27.4&#8243; _module_preset=&#8220;65059203-12d3-44f6-8371-3f5cf61a0475&#8243; header_font=&#8220;&#8211;et_global_heading_font|700|||||||&#8220; locked=&#8220;off&#8220; global_colors_info=&#8220;{}&#8220;]<\/p>\n<p>MJF bietet schnelle Produktionszeiten und hohe Detailgenauigkeit, ideal f\u00fcr funktionale Prototypen und Endteile.<\/p>\n<p>[\/et_pb_blurb][\/et_pb_column][et_pb_column type=&#8220;1_3&#8243; _builder_version=&#8220;4.16&#8243; _module_preset=&#8220;73121f80-a3ef-4484-8763-c3f18e3c56d2&#8243; global_colors_info=&#8220;{}&#8220;][et_pb_blurb title=&#8220;Selektives Lasersintern (SLS)&#8220; _builder_version=&#8220;4.27.4&#8243; _module_preset=&#8220;65059203-12d3-44f6-8371-3f5cf61a0475&#8243; header_font=&#8220;&#8211;et_global_heading_font|700|||||||&#8220; locked=&#8220;off&#8220; global_colors_info=&#8220;{}&#8220;]<\/p>\n<p>SLS erm\u00f6glicht die Herstellung komplexer Geometrien ohne St\u00fctzstrukturen, ideal f\u00fcr funktionale Teile.<\/p>\n<p>[\/et_pb_blurb][et_pb_blurb title=&#8220;Z Corp 3D&#8220; _builder_version=&#8220;4.27.4&#8243; _module_preset=&#8220;65059203-12d3-44f6-8371-3f5cf61a0475&#8243; header_font=&#8220;&#8211;et_global_heading_font|700|||||||&#8220; custom_padding=&#8220;5px|||||&#8220; locked=&#8220;off&#8220; global_colors_info=&#8220;{}&#8220;]Z-Corp 3D \u2013 Druck Systeme erstellen hoch aufl\u00f6sende, farbige Modelle schnell und preisg\u00fcnstig.<br \/>\nDurch den Druck der Teile direkt in Farbe k\u00f6nnen attraktive Lieferzeiten realisiert werden.[\/et_pb_blurb][\/et_pb_column][\/et_pb_row][\/et_pb_section][et_pb_section fb_built=&#8220;1&#8243; admin_label=&#8220;Text &#038; Image&#8220; _builder_version=&#8220;4.17.6&#8243; _module_preset=&#8220;default&#8220; locked=&#8220;off&#8220; collapsed=&#8220;on&#8220; global_colors_info=&#8220;{}&#8220;][et_pb_row _builder_version=&#8220;4.16&#8243; _module_preset=&#8220;5138c454-be54-4233-bd3b-f8e6a8747976&#8243; locked=&#8220;off&#8220; global_colors_info=&#8220;{}&#8220;][et_pb_column type=&#8220;4_4&#8243; _builder_version=&#8220;4.16&#8243; _module_preset=&#8220;73121f80-a3ef-4484-8763-c3f18e3c56d2&#8243; global_colors_info=&#8220;{}&#8220;][et_pb_heading title=&#8220;Materialien f\u00fcr 3D Druck&#8220; _builder_version=&#8220;4.24.3&#8243; _module_preset=&#8220;c33f07d9-41e0-421a-8799-5799df695cce&#8220; title_text_align=&#8220;center&#8220; global_colors_info=&#8220;{}&#8220;][\/et_pb_heading][et_pb_text _builder_version=&#8220;4.24.3&#8243; _module_preset=&#8220;2c55a9c4-feed-423b-9edb-ae0b5b365cac&#8220; text_orientation=&#8220;center&#8220; max_width=&#8220;700px&#8220; module_alignment=&#8220;center&#8220; locked=&#8220;off&#8220; global_colors_info=&#8220;{}&#8220;]<\/p>\n<p>In der Welt des 3D Drucks spielen Materialien eine entscheidende Rolle. Von robustem ABS-Kunststoff, ideal f\u00fcr funktionale Prototypen, bis hin zu flexiblem TPU f\u00fcr elastische Bauteile, bieten wir eine breite Palette an Optionen. PLA ist besonders beliebt f\u00fcr seine Umweltfreundlichkeit und einfache Handhabung, w\u00e4hrend Nylon f\u00fcr seine hohe Festigkeit und Haltbarkeit gesch\u00e4tzt wird. Jedes Material hat seine spezifischen Anwendungen, sei es in der Automobilindustrie, der Medizin oder im Konsumg\u00fcterbereich. Bei Ruiken &#038; Horn beraten wir Sie gerne, welches Material am besten zu Ihrem Projekt passt.<\/p>\n<p>[\/et_pb_text][\/et_pb_column][\/et_pb_row][et_pb_row _builder_version=&#8220;4.27.4&#8243; _module_preset=&#8220;default&#8220; global_colors_info=&#8220;{}&#8220;][et_pb_column type=&#8220;4_4&#8243; _builder_version=&#8220;4.27.4&#8243; _module_preset=&#8220;default&#8220; global_colors_info=&#8220;{}&#8220;][et_pb_image src=&#8220;https:\/\/www.ruiken-horn.net\/wp-content\/uploads\/2025\/09\/0-53c8ffd0-30d1-4f38-8034-cf6e21eecaf3-1-512&#215;512.jpg&#8220; align=&#8220;center&#8220; _builder_version=&#8220;4.27.4&#8243; _module_preset=&#8220;default&#8220; global_colors_info=&#8220;{}&#8220;][\/et_pb_image][\/et_pb_column][\/et_pb_row][\/et_pb_section][et_pb_section fb_built=&#8220;1&#8243; admin_label=&#8220;Call to Action&#8220; _builder_version=&#8220;4.23.1&#8243; _module_preset=&#8220;default&#8220; use_background_color_gradient=&#8220;on&#8220; background_color_gradient_stops=&#8220;rgba(0,0,0,0.75) 0%|rgba(0,0,0,0.75) 100%&#8220; background_color_gradient_overlays_image=&#8220;on&#8220; background_image=&#8220;https:\/\/images.unsplash.com\/photo-1695634621644-a1abcdf60bc6?ixid=M3w1ODkyNzF8MHwxfHNlYXJjaHw5fHxjb250YWN0JTIwdXMlMjBjb25jZXB0fGVufDB8MHx8fDE3NTI4NTMxMjR8MA&#038;ixlib=rb-4.1.0&#038;fm=webp&#038;fit=crop&#038;crop=entropy&#038;w=1920&#038;h=1080&#038;q=20&#038;dpr=2&#8243; custom_padding=&#8220;8vw||8vw||true|false&#8220; locked=&#8220;off&#8220; collapsed=&#8220;on&#8220; global_colors_info=&#8220;{%22gcid-36fd78a7-34bc-404d-873c-dafa34efaae5%22:%91%22button_text_color%22%93}&#8220;][et_pb_row _builder_version=&#8220;4.23.1&#8243; _module_preset=&#8220;5138c454-be54-4233-bd3b-f8e6a8747976&#8243; width=&#8220;70%&#8220; max_width=&#8220;none&#8220; global_colors_info=&#8220;{}&#8220;][et_pb_column type=&#8220;4_4&#8243; _builder_version=&#8220;4.17.6&#8243; _module_preset=&#8220;73121f80-a3ef-4484-8763-c3f18e3c56d2&#8243; global_colors_info=&#8220;{}&#8220;][et_pb_heading title=&#8220;Entdecken Sie die M\u00f6glichkeiten des 3D Drucks mit Ruiken &#038; Horn&#8220; _builder_version=&#8220;4.24.2&#8243; _module_preset=&#8220;ddeb8c09-9078-4424-bc15-2efb6572e28e&#8220; title_text_align=&#8220;center&#8220; title_text_color=&#8220;#FFFFFF&#8220; global_colors_info=&#8220;{}&#8220;][\/et_pb_heading][et_pb_button button_url=&#8220;@ET-DC@eyJkeW5hbWljIjp0cnVlLCJjb250ZW50IjoicG9zdF9saW5rX3VybF9wYWdlIiwic2V0dGluZ3MiOnsicG9zdF9pZCI6IjQ3In19@&#8220; button_text=&#8220;Jetzt Angebot anfordern&#8220; button_alignment=&#8220;center&#8220; _builder_version=&#8220;4.27.4&#8243; _dynamic_attributes=&#8220;button_url&#8220; _module_preset=&#8220;ab15fb74-61a3-43aa-96b3-41e09aeef654&#8243; locked=&#8220;off&#8220; global_colors_info=&#8220;{}&#8220;][\/et_pb_button][\/et_pb_column][\/et_pb_row][\/et_pb_section]<\/p>\n","protected":false},"excerpt":{"rendered":"<p>Erleben Sie die Zukunft der Fertigung mit unseren innovativen 3D Druckl\u00f6sungen. Von der Idee bis zum fertigen Produkt, wir begleiten Sie auf jedem Schritt.Unsere 3D Drucktechnologien Gelten f\u00fcr Ihre gefertigten Bauteile spezielle Verarbeitungsstandards? M\u00fcssen Sie hinsichtlich staubfreier Verpackungen strenge Vorschriften befolgen? Nun k\u00f6nnen Sie Ihre Teile in einem Reinraum entsprechend ISO Klasse 7 verarbeiten lassen.FFF [&hellip;]<\/p>\n","protected":false},"author":1,"featured_media":0,"parent":0,"menu_order":0,"comment_status":"closed","ping_status":"closed","template":"","meta":{"_et_pb_use_builder":"on","_et_pb_old_content":"","_et_gb_content_width":"","footnotes":""},"class_list":["post-45","page","type-page","status-publish","hentry"],"_links":{"self":[{"href":"https:\/\/www.ruiken-horn.eu\/index.php\/wp-json\/wp\/v2\/pages\/45","targetHints":{"allow":["GET"]}}],"collection":[{"href":"https:\/\/www.ruiken-horn.eu\/index.php\/wp-json\/wp\/v2\/pages"}],"about":[{"href":"https:\/\/www.ruiken-horn.eu\/index.php\/wp-json\/wp\/v2\/types\/page"}],"author":[{"embeddable":true,"href":"https:\/\/www.ruiken-horn.eu\/index.php\/wp-json\/wp\/v2\/users\/1"}],"replies":[{"embeddable":true,"href":"https:\/\/www.ruiken-horn.eu\/index.php\/wp-json\/wp\/v2\/comments?post=45"}],"version-history":[{"count":13,"href":"https:\/\/www.ruiken-horn.eu\/index.php\/wp-json\/wp\/v2\/pages\/45\/revisions"}],"predecessor-version":[{"id":427,"href":"https:\/\/www.ruiken-horn.eu\/index.php\/wp-json\/wp\/v2\/pages\/45\/revisions\/427"}],"wp:attachment":[{"href":"https:\/\/www.ruiken-horn.eu\/index.php\/wp-json\/wp\/v2\/media?parent=45"}],"curies":[{"name":"wp","href":"https:\/\/api.w.org\/{rel}","templated":true}]}}